{"id":118,"date":"2024-05-06T12:39:31","date_gmt":"2024-05-06T10:39:31","guid":{"rendered":"https:\/\/miniforlegend.com\/?page_id=118"},"modified":"2024-06-24T14:51:11","modified_gmt":"2024-06-24T12:51:11","slug":"a-propos","status":"publish","type":"page","link":"https:\/\/miniforlegend.com\/index.php\/a-propos\/","title":{"rendered":"A propos&#8230;"},"content":{"rendered":"<p>Fabriqu\u00e9s en Alsace, nos v\u00e9hicules reprennent les lignes des plus c\u00e9l\u00e8bres voitures de course du d\u00e9but du 20eme si\u00e8cle. Enti\u00e8rement r\u00e9alis\u00e9s \u00e0 la main, des mat\u00e9riaux de qualit\u00e9, une finition impeccable, ces bolides feront d\u00e9couvrir les joies du pilotage aux plus jeunes.<\/p>\n<p>Carrosserie aluminium, ch\u00e2ssis en acier de haute qualit\u00e9, volant aluminium et bois, sangles de capot et sacoche en cuir, \u00e9l\u00e9ments en acier inoxydable, autant de mati\u00e8res nobles pour un v\u00e9hicule d\u2019exception.<\/p>\n<p>Une motorisation et des batteries de derni\u00e8re g\u00e9n\u00e9ration, une gestion \u00e9lectronique compl\u00e8te, c\u2019est une alliance parfaite entre le design r\u00e9tro et la technologie. Nos v\u00e9hicules sont \u00e9quip\u00e9s d\u2019un simulateur qui reproduit le son des plus beaux moteurs de course, ainsi que d\u2019un g\u00e9n\u00e9rateur de fum\u00e9e \u00e0 l\u2019\u00e9chappement, l\u2019illusion est incroyable !<\/p>\n<p>C&#8217;est dans nos ateliers que nos ing\u00e9nieurs et techniciens d\u00e9veloppent chaque v\u00e9hicule. Une importance particuli\u00e8re est port\u00e9e sur les d\u00e9tails, pour offrir une exp\u00e9rience de conduite la plus compl\u00e8te possible.<\/p>\n<p>\u00c7a y est, le drapeau vert vient de s\u2019abattre ! Que la course commence ! Qui sait\u2026 derri\u00e8re le volant se trouve peut-\u00eatre un futur Alberto Divo, Hell\u00e9 Nice, ou Louis Chiron\u2026?<\/p>\n<p>&nbsp;<\/p>\n<p><img loading=\"lazy\" decoding=\"async\" class=\"wp-image-82 size-full alignleft\" src=\"https:\/\/i0.wp.com\/miniforlegend.com\/wp-content\/uploads\/2024\/05\/Helle-Nice.jpg?resize=735%2C488&#038;ssl=1\" alt=\"Hell\u00e9 Nice, Bugatti type 35\" width=\"735\" height=\"488\" srcset=\"https:\/\/i0.wp.com\/miniforlegend.com\/wp-content\/uploads\/2024\/05\/Helle-Nice.jpg?w=735&amp;ssl=1 735w, https:\/\/i0.wp.com\/miniforlegend.com\/wp-content\/uploads\/2024\/05\/Helle-Nice.jpg?resize=300%2C199&amp;ssl=1 300w\" sizes=\"auto, (max-width: 735px) 100vw, 735px\" data-recalc-dims=\"1\" \/><\/p>\n<p>&nbsp;<\/p>\n<p>&nbsp;<\/p>\n<p>Mariette H\u00e9l\u00e8ne Delangle, plus connue sous son pseudonyme d&#8217;Hell\u00e9 Nice, posant \u00e0 c\u00f4t\u00e9 d&#8217;une Bugatti Type 35B.<\/p>\n<p>&nbsp;<\/p>\n<p>Le 18 septembre 1929, elle atteint la vitesse record de 197,7 km\/h lors du Grand Prix f\u00e9minin sur l&#8217;Autodrome de Linas-Montlh\u00e9ry.<\/p>\n<p>&nbsp;<\/p>\n<p>&nbsp;<\/p>\n<p>&nbsp;<\/p>\n<p>&nbsp;<\/p>\n<p>&nbsp;<\/p>\n<p>&nbsp;<\/p>\n<p>&nbsp;<\/p>\n<p>&nbsp;<\/p>\n<p>&nbsp;<\/p>\n<p>&nbsp;<\/p>\n","protected":false},"excerpt":{"rendered":"<p>Fabriqu\u00e9s en Alsace, nos v\u00e9hicules reprennent les lignes des plus c\u00e9l\u00e8bres voitures de course du d\u00e9but du 20eme si\u00e8cle. Enti\u00e8rement r\u00e9alis\u00e9s \u00e0 la main, des mat\u00e9riaux de qualit\u00e9, une finition impeccable, ces bolides feront d\u00e9couvrir les joies du pilotage aux plus jeunes. Carrosserie aluminium, ch\u00e2ssis en acier de haute qualit\u00e9, volant aluminium et bois, sangles &hellip; <\/p>\n<p class=\"link-more\"><a href=\"https:\/\/miniforlegend.com\/index.php\/a-propos\/\" class=\"more-link\">Lire la suite de<span class=\"screen-reader-text\">\u00ab\u00a0A propos&#8230;\u00a0\u00bb<\/span><\/a><\/p>\n","protected":false},"author":1,"featured_media":0,"parent":0,"menu_order":0,"comment_status":"closed","ping_status":"closed","template":"","meta":{"footnotes":""},"class_list":["post-118","page","type-page","status-publish","hentry"],"jetpack_sharing_enabled":true,"featured_media_urls":[],"_links":{"self":[{"href":"https:\/\/miniforlegend.com\/index.php\/wp-json\/wp\/v2\/pages\/118","targetHints":{"allow":["GET"]}}],"collection":[{"href":"https:\/\/miniforlegend.com\/index.php\/wp-json\/wp\/v2\/pages"}],"about":[{"href":"https:\/\/miniforlegend.com\/index.php\/wp-json\/wp\/v2\/types\/page"}],"author":[{"embeddable":true,"href":"https:\/\/miniforlegend.com\/index.php\/wp-json\/wp\/v2\/users\/1"}],"replies":[{"embeddable":true,"href":"https:\/\/miniforlegend.com\/index.php\/wp-json\/wp\/v2\/comments?post=118"}],"version-history":[{"count":52,"href":"https:\/\/miniforlegend.com\/index.php\/wp-json\/wp\/v2\/pages\/118\/revisions"}],"predecessor-version":[{"id":423,"href":"https:\/\/miniforlegend.com\/index.php\/wp-json\/wp\/v2\/pages\/118\/revisions\/423"}],"wp:attachment":[{"href":"https:\/\/miniforlegend.com\/index.php\/wp-json\/wp\/v2\/media?parent=118"}],"curies":[{"name":"wp","href":"https:\/\/api.w.org\/{rel}","templated":true}]}}