{"id":284,"date":"2024-05-21T11:46:16","date_gmt":"2024-05-21T09:46:16","guid":{"rendered":"https:\/\/miniforlegend.com\/?page_id=284"},"modified":"2024-07-08T19:05:28","modified_gmt":"2024-07-08T17:05:28","slug":"latelier","status":"publish","type":"page","link":"https:\/\/miniforlegend.com\/index.php\/latelier\/","title":{"rendered":"L&#8217;atelier"},"content":{"rendered":"<p>Vous d\u00e9couvrirez ici comment <strong>Mini for Legend<\/strong> con\u00e7ois et fabrique votre future Miniature&#8230; de L\u00e9gende.<\/p>\n<p>Chaque mod\u00e8le n\u00e9cessite plus de 350 heures de travail pour la fabrication et l&#8217;assemblage des divers composants. Commen\u00e7ons par la d\u00e9coupe, le per\u00e7age et le soudage des tubes en acier qui constitueront le ch\u00e2ssis, assembl\u00e9 par des soudeurs qualifi\u00e9s.<\/p>\n<p>Vient ensuite le formage de la carrosserie en aluminium de nuance 5083, les \u00e9l\u00e9ments constitutifs de la carrosserie sont travaill\u00e9s avec une rouleuse et une roue anglaise pour la mise en forme. Ensuite chaque panneaux passe sous une presse qui permet de former une \u00e0 une les Louvres (a\u00e9rations) pr\u00e9sentes sur le c\u00f4t\u00e9 du v\u00e9hicule et le dessus du capot. Mais attention, il n\u2019y a pas le droit \u00e0 l\u2019erreur, si une louvre est d\u00e9cal\u00e9e ou mal form\u00e9e, il n\u2019y a pas de rattrapage possible, et c&#8217;est le panneau entier qu\u2019il faut refaire. La mise en forme la plus d\u00e9licate concerne le formage de la pointe Bordino ; l\u2019arri\u00e8re du v\u00e9hicule. Une complexit\u00e9 particuli\u00e8re puisque le rayon de courbure de la carrosserie est variable.<\/p>\n<p>&nbsp;<\/p>\n<div id=\"metaslider-id-427\" style=\"max-width: 800px; margin: 0 auto;\" class=\"ml-slider-3-90-0 metaslider metaslider-flex metaslider-427 ml-slider hide-navigation-smartphone ms-theme-blend has-dots-nav\" role=\"region\" aria-roledescription=\"Slideshow\" aria-label=\"Atelier\">\n    <div id=\"metaslider_container_427\">\n        <div id=\"metaslider_427\">\n            <ul class='slides'>\n                <li style=\"display: block; width: 100%;\" class=\"slide-445 ms-image \" aria-roledescription=\"slide\" aria-label=\"slide-445\"><img loading=\"lazy\" decoding=\"async\" width=\"950\" height=\"713\" src=\"https:\/\/i0.wp.com\/miniforlegend.com\/wp-content\/uploads\/2025\/02\/IMG_E6170-scaled.jpg?resize=950%2C713&#038;ssl=1\" class=\"slider-427 slide-445\" alt=\"\" rel=\"\" title=\"Louver press ; louver punch ; poin\u00e7onneuse ; DIY louver press ; louver punching machine ; louver press tool\" srcset=\"https:\/\/i0.wp.com\/miniforlegend.com\/wp-content\/uploads\/2025\/02\/IMG_E6170-scaled.jpg?w=2560&amp;ssl=1 2560w, https:\/\/i0.wp.com\/miniforlegend.com\/wp-content\/uploads\/2025\/02\/IMG_E6170-scaled.jpg?resize=300%2C225&amp;ssl=1 300w, https:\/\/i0.wp.com\/miniforlegend.com\/wp-content\/uploads\/2025\/02\/IMG_E6170-scaled.jpg?resize=1024%2C768&amp;ssl=1 1024w, https:\/\/i0.wp.com\/miniforlegend.com\/wp-content\/uploads\/2025\/02\/IMG_E6170-scaled.jpg?resize=2000%2C1500&amp;ssl=1 2000w, https:\/\/i0.wp.com\/miniforlegend.com\/wp-content\/uploads\/2025\/02\/IMG_E6170-scaled.jpg?w=1900&amp;ssl=1 1900w\" sizes=\"auto, 100vw\" data-recalc-dims=\"1\" \/><div class=\"caption-wrap\"><div class=\"caption\"><div>Presse \u00e0 Louvres<\/div><\/div><\/div><\/li>\n                <li style=\"display: none; width: 100%;\" class=\"slide-455 ms-image \" aria-roledescription=\"slide\" aria-label=\"slide-455\"><img loading=\"lazy\" decoding=\"async\" width=\"950\" height=\"713\" src=\"https:\/\/i0.wp.com\/miniforlegend.com\/wp-content\/uploads\/2024\/07\/IMG_E6115-scaled.jpg?resize=950%2C713&#038;ssl=1\" class=\"slider-427 slide-455\" alt=\"\" rel=\"\" title=\"Louver press ; louver punch ; poin\u00e7onneuse ; DIY louver press ; louver punching machine ; louver press tool\" srcset=\"https:\/\/i0.wp.com\/miniforlegend.com\/wp-content\/uploads\/2024\/07\/IMG_E6115-scaled.jpg?w=2560&amp;ssl=1 2560w, https:\/\/i0.wp.com\/miniforlegend.com\/wp-content\/uploads\/2024\/07\/IMG_E6115-scaled.jpg?resize=300%2C225&amp;ssl=1 300w, https:\/\/i0.wp.com\/miniforlegend.com\/wp-content\/uploads\/2024\/07\/IMG_E6115-scaled.jpg?resize=1024%2C768&amp;ssl=1 1024w, https:\/\/i0.wp.com\/miniforlegend.com\/wp-content\/uploads\/2024\/07\/IMG_E6115-scaled.jpg?resize=2000%2C1500&amp;ssl=1 2000w, https:\/\/i0.wp.com\/miniforlegend.com\/wp-content\/uploads\/2024\/07\/IMG_E6115-scaled.jpg?w=1900&amp;ssl=1 1900w\" sizes=\"auto, 100vw\" data-recalc-dims=\"1\" \/><div class=\"caption-wrap\"><div class=\"caption\"><div>Poin\u00e7on et matrice pour Louvres<\/div><\/div><\/div><\/li>\n                <li style=\"display: none; width: 100%;\" class=\"slide-456 ms-image \" aria-roledescription=\"slide\" aria-label=\"slide-456\"><img loading=\"lazy\" decoding=\"async\" width=\"950\" height=\"713\" src=\"https:\/\/i0.wp.com\/miniforlegend.com\/wp-content\/uploads\/2024\/07\/IMG_E6168-scaled.jpg?resize=950%2C713&#038;ssl=1\" class=\"slider-427 slide-456\" alt=\"\" rel=\"\" title=\"minforlegend.com ; tra\u00e7age ; t\u00f4lerie\" srcset=\"https:\/\/i0.wp.com\/miniforlegend.com\/wp-content\/uploads\/2024\/07\/IMG_E6168-scaled.jpg?w=2560&amp;ssl=1 2560w, https:\/\/i0.wp.com\/miniforlegend.com\/wp-content\/uploads\/2024\/07\/IMG_E6168-scaled.jpg?resize=300%2C225&amp;ssl=1 300w, https:\/\/i0.wp.com\/miniforlegend.com\/wp-content\/uploads\/2024\/07\/IMG_E6168-scaled.jpg?resize=1024%2C768&amp;ssl=1 1024w, https:\/\/i0.wp.com\/miniforlegend.com\/wp-content\/uploads\/2024\/07\/IMG_E6168-scaled.jpg?resize=2000%2C1500&amp;ssl=1 2000w, https:\/\/i0.wp.com\/miniforlegend.com\/wp-content\/uploads\/2024\/07\/IMG_E6168-scaled.jpg?w=1900&amp;ssl=1 1900w\" sizes=\"auto, 100vw\" data-recalc-dims=\"1\" \/><div class=\"caption-wrap\"><div class=\"caption\"><div>Tra\u00e7age des \u00e9l\u00e9ments de la carrosserie<\/div><\/div><\/div><\/li>\n                <li style=\"display: none; width: 100%;\" class=\"slide-457 ms-image \" aria-roledescription=\"slide\" aria-label=\"slide-457\"><img loading=\"lazy\" decoding=\"async\" width=\"950\" height=\"713\" src=\"https:\/\/i0.wp.com\/miniforlegend.com\/wp-content\/uploads\/2024\/07\/IMG_E6163-scaled.jpg?resize=950%2C713&#038;ssl=1\" class=\"slider-427 slide-457\" alt=\"\" rel=\"\" title=\"Louver press ; louver punch ; poin\u00e7onneuse ; DIY louver press ; louver punching machine ; louver press tool\" srcset=\"https:\/\/i0.wp.com\/miniforlegend.com\/wp-content\/uploads\/2024\/07\/IMG_E6163-scaled.jpg?w=2560&amp;ssl=1 2560w, https:\/\/i0.wp.com\/miniforlegend.com\/wp-content\/uploads\/2024\/07\/IMG_E6163-scaled.jpg?resize=300%2C225&amp;ssl=1 300w, https:\/\/i0.wp.com\/miniforlegend.com\/wp-content\/uploads\/2024\/07\/IMG_E6163-scaled.jpg?resize=1024%2C768&amp;ssl=1 1024w, https:\/\/i0.wp.com\/miniforlegend.com\/wp-content\/uploads\/2024\/07\/IMG_E6163-scaled.jpg?resize=2000%2C1500&amp;ssl=1 2000w, https:\/\/i0.wp.com\/miniforlegend.com\/wp-content\/uploads\/2024\/07\/IMG_E6163-scaled.jpg?w=1900&amp;ssl=1 1900w\" sizes=\"auto, 100vw\" data-recalc-dims=\"1\" \/><div class=\"caption-wrap\"><div class=\"caption\"><div>Formage au marteau postillon et contreforme<\/div><\/div><\/div><\/li>\n                <li style=\"display: none; width: 100%;\" class=\"slide-458 ms-image \" aria-roledescription=\"slide\" aria-label=\"slide-458\"><img loading=\"lazy\" decoding=\"async\" width=\"950\" height=\"713\" src=\"https:\/\/i0.wp.com\/miniforlegend.com\/wp-content\/uploads\/2025\/02\/IMG_E6153-scaled.jpg?resize=950%2C713&#038;ssl=1\" class=\"slider-427 slide-458\" alt=\"\" rel=\"\" title=\"milling machine ; fraiseuse\" srcset=\"https:\/\/i0.wp.com\/miniforlegend.com\/wp-content\/uploads\/2025\/02\/IMG_E6153-scaled.jpg?w=2560&amp;ssl=1 2560w, https:\/\/i0.wp.com\/miniforlegend.com\/wp-content\/uploads\/2025\/02\/IMG_E6153-scaled.jpg?resize=300%2C225&amp;ssl=1 300w, https:\/\/i0.wp.com\/miniforlegend.com\/wp-content\/uploads\/2025\/02\/IMG_E6153-scaled.jpg?resize=1024%2C768&amp;ssl=1 1024w, https:\/\/i0.wp.com\/miniforlegend.com\/wp-content\/uploads\/2025\/02\/IMG_E6153-scaled.jpg?resize=2000%2C1500&amp;ssl=1 2000w, https:\/\/i0.wp.com\/miniforlegend.com\/wp-content\/uploads\/2025\/02\/IMG_E6153-scaled.jpg?w=1900&amp;ssl=1 1900w\" sizes=\"auto, 100vw\" data-recalc-dims=\"1\" \/><div class=\"caption-wrap\"><div class=\"caption\"><div>Usinage des divers \u00e9l\u00e9ments<\/div><\/div><\/div><\/li>\n                <li style=\"display: none; width: 100%;\" class=\"slide-459 ms-image \" aria-roledescription=\"slide\" aria-label=\"slide-459\"><img loading=\"lazy\" decoding=\"async\" width=\"950\" height=\"713\" src=\"https:\/\/i0.wp.com\/miniforlegend.com\/wp-content\/uploads\/2024\/07\/IMG_E6148-scaled.jpg?resize=950%2C713&#038;ssl=1\" class=\"slider-427 slide-459\" alt=\"\" rel=\"\" title=\"scie \u00e0 ruban ; band saw\" srcset=\"https:\/\/i0.wp.com\/miniforlegend.com\/wp-content\/uploads\/2024\/07\/IMG_E6148-scaled.jpg?w=2560&amp;ssl=1 2560w, https:\/\/i0.wp.com\/miniforlegend.com\/wp-content\/uploads\/2024\/07\/IMG_E6148-scaled.jpg?resize=300%2C225&amp;ssl=1 300w, https:\/\/i0.wp.com\/miniforlegend.com\/wp-content\/uploads\/2024\/07\/IMG_E6148-scaled.jpg?resize=1024%2C768&amp;ssl=1 1024w, https:\/\/i0.wp.com\/miniforlegend.com\/wp-content\/uploads\/2024\/07\/IMG_E6148-scaled.jpg?resize=2000%2C1500&amp;ssl=1 2000w, https:\/\/i0.wp.com\/miniforlegend.com\/wp-content\/uploads\/2024\/07\/IMG_E6148-scaled.jpg?w=1900&amp;ssl=1 1900w\" sizes=\"auto, 100vw\" data-recalc-dims=\"1\" \/><div class=\"caption-wrap\"><div class=\"caption\"><div>D\u00e9bit mati\u00e8re<\/div><\/div><\/div><\/li>\n                <li style=\"display: none; width: 100%;\" class=\"slide-460 ms-image \" aria-roledescription=\"slide\" aria-label=\"slide-460\"><img loading=\"lazy\" decoding=\"async\" width=\"950\" height=\"713\" src=\"https:\/\/i0.wp.com\/miniforlegend.com\/wp-content\/uploads\/2024\/07\/IMG_E6144-scaled.jpg?resize=950%2C713&#038;ssl=1\" class=\"slider-427 slide-460\" alt=\"\" rel=\"\" title=\"tour \u00e0 polir ; polishing lathe\" srcset=\"https:\/\/i0.wp.com\/miniforlegend.com\/wp-content\/uploads\/2024\/07\/IMG_E6144-scaled.jpg?w=2560&amp;ssl=1 2560w, https:\/\/i0.wp.com\/miniforlegend.com\/wp-content\/uploads\/2024\/07\/IMG_E6144-scaled.jpg?resize=300%2C225&amp;ssl=1 300w, https:\/\/i0.wp.com\/miniforlegend.com\/wp-content\/uploads\/2024\/07\/IMG_E6144-scaled.jpg?resize=1024%2C768&amp;ssl=1 1024w, https:\/\/i0.wp.com\/miniforlegend.com\/wp-content\/uploads\/2024\/07\/IMG_E6144-scaled.jpg?resize=2000%2C1500&amp;ssl=1 2000w, https:\/\/i0.wp.com\/miniforlegend.com\/wp-content\/uploads\/2024\/07\/IMG_E6144-scaled.jpg?w=1900&amp;ssl=1 1900w\" sizes=\"auto, 100vw\" data-recalc-dims=\"1\" \/><div class=\"caption-wrap\"><div class=\"caption\"><div>Polissage des \u00e9l\u00e9ments \u00e0 la main<\/div><\/div><\/div><\/li>\n            <\/ul>\n        <\/div>\n        \n    <\/div>\n<\/div>\n<p>&nbsp;<\/p>\n<p>Vient ensuite la pr\u00e9paration et la mise en peinture dans une cabine d\u00e9di\u00e9e, avec une teinte disponible sur notre nuancier ; parmi elles le \u2018\u2018French racing blue\u2019\u2019 ou le \u2018\u2018Jaune Molsheim\u2019\u2019\u2026? Faites votre choix !<\/p>\n<p>Les sous ensembles comme le p\u00e9dalier sont fabriqu\u00e9s dans nos ateliers. D\u00e9coupe et pliage du support, puis les p\u00e9dales en aluminium sont usin\u00e9es dans la masse. Usinage des axes et enfin l\u2019assemblage final.<\/p>\n<p>La sellerie et les accessoires en cuir (sangles) sont \u00e9galement produits dans nos ateliers. La plaque support qui forme l&#8217;assise du si\u00e8ge est usin\u00e9e puis la mousse est d\u00e9coup\u00e9e et coll\u00e9e. Ensuite on appose les charni\u00e8res et les vis de fixation. La derni\u00e8re \u00e9tape consiste \u00e0 coller et agrafer le cuir sur la plaque support.<\/p>\n<p>&nbsp;<\/p>\n<p>&nbsp;<\/p>\n","protected":false},"excerpt":{"rendered":"<p>Vous d\u00e9couvrirez ici comment Mini for Legend con\u00e7ois et fabrique votre future Miniature&#8230; de L\u00e9gende. Chaque mod\u00e8le n\u00e9cessite plus de 350 heures de travail pour la fabrication et l&#8217;assemblage des divers composants. Commen\u00e7ons par la d\u00e9coupe, le per\u00e7age et le soudage des tubes en acier qui constitueront le ch\u00e2ssis, assembl\u00e9 par des soudeurs qualifi\u00e9s. Vient &hellip; <\/p>\n<p class=\"link-more\"><a href=\"https:\/\/miniforlegend.com\/index.php\/latelier\/\" class=\"more-link\">Lire la suite de<span class=\"screen-reader-text\">\u00ab\u00a0L&#8217;atelier\u00a0\u00bb<\/span><\/a><\/p>\n","protected":false},"author":1,"featured_media":0,"parent":0,"menu_order":0,"comment_status":"closed","ping_status":"closed","template":"","meta":{"footnotes":""},"class_list":["post-284","page","type-page","status-publish","hentry"],"jetpack_sharing_enabled":true,"featured_media_urls":[],"_links":{"self":[{"href":"https:\/\/miniforlegend.com\/index.php\/wp-json\/wp\/v2\/pages\/284","targetHints":{"allow":["GET"]}}],"collection":[{"href":"https:\/\/miniforlegend.com\/index.php\/wp-json\/wp\/v2\/pages"}],"about":[{"href":"https:\/\/miniforlegend.com\/index.php\/wp-json\/wp\/v2\/types\/page"}],"author":[{"embeddable":true,"href":"https:\/\/miniforlegend.com\/index.php\/wp-json\/wp\/v2\/users\/1"}],"replies":[{"embeddable":true,"href":"https:\/\/miniforlegend.com\/index.php\/wp-json\/wp\/v2\/comments?post=284"}],"version-history":[{"count":10,"href":"https:\/\/miniforlegend.com\/index.php\/wp-json\/wp\/v2\/pages\/284\/revisions"}],"predecessor-version":[{"id":463,"href":"https:\/\/miniforlegend.com\/index.php\/wp-json\/wp\/v2\/pages\/284\/revisions\/463"}],"wp:attachment":[{"href":"https:\/\/miniforlegend.com\/index.php\/wp-json\/wp\/v2\/media?parent=284"}],"curies":[{"name":"wp","href":"https:\/\/api.w.org\/{rel}","templated":true}]}}