{"id":514,"date":"2025-02-25T17:36:08","date_gmt":"2025-02-25T16:36:08","guid":{"rendered":"https:\/\/miniforlegend.com\/?page_id=514"},"modified":"2025-09-25T08:23:45","modified_gmt":"2025-09-25T06:23:45","slug":"et-si-le-createur-cetait-vous","status":"publish","type":"page","link":"https:\/\/miniforlegend.com\/index.php\/et-si-le-createur-cetait-vous\/","title":{"rendered":"Et si le cr\u00e9ateur, c&#8217;\u00e9tait vous&#8230;?"},"content":{"rendered":"<p style=\"text-align: left;\"><strong>Nous vous proposons de participer \u00e0 la cr\u00e9ation de votre \u0153uvre.<\/strong><\/p>\n<p>Sur une session d&#8217;un week-end (2 jours et 1 nuit), vous d\u00e9couvrirez l&#8217;atelier de Mini for Legend, et comment se construit une Baby. De la d\u00e9coupe des feuilles de m\u00e9tal, au cintrage, puis \u00e0 l&#8217;emboutissage des louvres, vous apprendrez l&#8217;ensemble des \u00e9tapes de la cr\u00e9ation d&#8217;une carrosserie. Place ensuite \u00e0 l&#8217;atelier du cuir et \u00e0 la cr\u00e9ation des sangles qui seront positionn\u00e9es pour maintenir le capot et la roue de secours. Ce sera \u00e9galement l&#8217;occasion de graver la plaque constructeur avec le nom et pr\u00e9nom du futur pilote.<\/p>\n<p>C&#8217;est \u00e0 ce moment que la configuration de votre v\u00e9hicule pourra se finaliser : Couleur de la carrosserie, couleur des sangles, le type de jantes, le cuir de la sellerie&#8230; Choisissez parmis les 1500 configurations disponibles.<\/p>\n<p>A la fin de cette session, votre enfant recevra le &#8220;dipl\u00f4me du petit constructeur&#8221; de son v\u00e9hicule, et une combinaison de pilote en Jeans avec son Nom et Pr\u00e9nom brod\u00e9.<\/p>\n<p>Nous proposons \u00e9galement \u00e0 la livraison du v\u00e9hicule un shooting photo avec votre enfant afin de garder en m\u00e9moire cette journ\u00e9e inoubliable.<\/p>\n<p>Prix sur demande : Inclus l&#8217;h\u00e9bergement dans un H\u00f4tel SPA *** en demi-pension, 2 repas du midi, l&#8217;entr\u00e9e au Mus\u00e9e de l&#8217;Automobile Collection Schlumpf, l&#8217;Atelier du cuir, la d\u00e9couverte de la route des vins d&#8217;Alsace, et de nombreuses surprises&#8230;<\/p>\n<p>Rendez-vous sur la page Contact pour prendre date.<\/p>\n<div id=\"metaslider-id-523\" style=\"max-width: 800px; margin: 0 auto;\" class=\"ml-slider-3-90-0 metaslider metaslider-flex metaslider-523 ml-slider ms-theme-blend nav-hidden\" role=\"region\" aria-roledescription=\"Slideshow\" aria-label=\"Et si le cr\u00e9ateur, c&#039;\u00e9tait vous ?\">\n    <div id=\"metaslider_container_523\">\n        <div id=\"metaslider_523\">\n            <ul class='slides'>\n                <li style=\"display: block; width: 100%;\" class=\"slide-526 ms-image \" aria-roledescription=\"slide\" aria-label=\"slide-526\"><img loading=\"lazy\" decoding=\"async\" width=\"614\" height=\"409\" src=\"https:\/\/i0.wp.com\/miniforlegend.com\/wp-content\/uploads\/2025\/02\/Bugatti.jpg?resize=614%2C409&#038;ssl=1\" class=\"slider-523 slide-526\" alt=\"\" rel=\"\" title=\"Collection Schlumpf Bugatti \u00e0 Mulhouse\" srcset=\"https:\/\/i0.wp.com\/miniforlegend.com\/wp-content\/uploads\/2025\/02\/Bugatti.jpg?w=614&amp;ssl=1 614w, https:\/\/i0.wp.com\/miniforlegend.com\/wp-content\/uploads\/2025\/02\/Bugatti.jpg?resize=300%2C200&amp;ssl=1 300w, https:\/\/i0.wp.com\/miniforlegend.com\/wp-content\/uploads\/2025\/02\/Bugatti.jpg?resize=600%2C400&amp;ssl=1 600w\" sizes=\"auto, 100vw\" data-recalc-dims=\"1\" \/><div class=\"caption-wrap\"><div class=\"caption\"><div>Visite de la collection Schlumpf de Mulhouse<\/div><\/div><\/div><\/li>\n                <li style=\"display: none; width: 100%;\" class=\"slide-527 ms-image \" aria-roledescription=\"slide\" aria-label=\"slide-527\"><img loading=\"lazy\" decoding=\"async\" width=\"406\" height=\"269\" src=\"https:\/\/i0.wp.com\/miniforlegend.com\/wp-content\/uploads\/2025\/02\/Cuir.jpg?resize=406%2C269&#038;ssl=1\" class=\"slider-523 slide-527\" alt=\"\" rel=\"\" title=\"Cuir\" srcset=\"https:\/\/i0.wp.com\/miniforlegend.com\/wp-content\/uploads\/2025\/02\/Cuir.jpg?w=406&amp;ssl=1 406w, https:\/\/i0.wp.com\/miniforlegend.com\/wp-content\/uploads\/2025\/02\/Cuir.jpg?resize=300%2C199&amp;ssl=1 300w\" sizes=\"auto, 100vw\" data-recalc-dims=\"1\" \/><div class=\"caption-wrap\"><div class=\"caption\"><div>R\u00e9alisez vos sangles \u00e0 l'Atelier du cuir de Colmar<\/div><\/div><\/div><\/li>\n                <li style=\"display: none; width: 100%;\" class=\"slide-528 ms-image \" aria-roledescription=\"slide\" aria-label=\"slide-528\"><img loading=\"lazy\" decoding=\"async\" width=\"950\" height=\"713\" src=\"https:\/\/i0.wp.com\/miniforlegend.com\/wp-content\/uploads\/2024\/07\/IMG_E6115-scaled.jpg?resize=950%2C713&#038;ssl=1\" class=\"slider-523 slide-528\" alt=\"\" rel=\"\" title=\"Louver press\" srcset=\"https:\/\/i0.wp.com\/miniforlegend.com\/wp-content\/uploads\/2024\/07\/IMG_E6115-scaled.jpg?w=2560&amp;ssl=1 2560w, https:\/\/i0.wp.com\/miniforlegend.com\/wp-content\/uploads\/2024\/07\/IMG_E6115-scaled.jpg?resize=300%2C225&amp;ssl=1 300w, https:\/\/i0.wp.com\/miniforlegend.com\/wp-content\/uploads\/2024\/07\/IMG_E6115-scaled.jpg?resize=1024%2C768&amp;ssl=1 1024w, https:\/\/i0.wp.com\/miniforlegend.com\/wp-content\/uploads\/2024\/07\/IMG_E6115-scaled.jpg?resize=2000%2C1500&amp;ssl=1 2000w, https:\/\/i0.wp.com\/miniforlegend.com\/wp-content\/uploads\/2024\/07\/IMG_E6115-scaled.jpg?w=1900&amp;ssl=1 1900w\" sizes=\"auto, 100vw\" data-recalc-dims=\"1\" \/><div class=\"caption-wrap\"><div class=\"caption\"><div>Formez les louvres de votre carrosserie<\/div><\/div><\/div><\/li>\n                <li style=\"display: none; width: 100%;\" class=\"slide-529 ms-image \" aria-roledescription=\"slide\" aria-label=\"slide-529\"><img loading=\"lazy\" decoding=\"async\" width=\"950\" height=\"713\" src=\"https:\/\/i0.wp.com\/miniforlegend.com\/wp-content\/uploads\/2024\/07\/IMG_E6163-scaled.jpg?resize=950%2C713&#038;ssl=1\" class=\"slider-523 slide-529\" alt=\"\" rel=\"\" title=\"Louver press\" srcset=\"https:\/\/i0.wp.com\/miniforlegend.com\/wp-content\/uploads\/2024\/07\/IMG_E6163-scaled.jpg?w=2560&amp;ssl=1 2560w, https:\/\/i0.wp.com\/miniforlegend.com\/wp-content\/uploads\/2024\/07\/IMG_E6163-scaled.jpg?resize=300%2C225&amp;ssl=1 300w, https:\/\/i0.wp.com\/miniforlegend.com\/wp-content\/uploads\/2024\/07\/IMG_E6163-scaled.jpg?resize=1024%2C768&amp;ssl=1 1024w, https:\/\/i0.wp.com\/miniforlegend.com\/wp-content\/uploads\/2024\/07\/IMG_E6163-scaled.jpg?resize=2000%2C1500&amp;ssl=1 2000w, https:\/\/i0.wp.com\/miniforlegend.com\/wp-content\/uploads\/2024\/07\/IMG_E6163-scaled.jpg?w=1900&amp;ssl=1 1900w\" sizes=\"auto, 100vw\" data-recalc-dims=\"1\" \/><div class=\"caption-wrap\"><div class=\"caption\"><div>Apprenez \u00e0 mettre en forme l'aluminium<\/div><\/div><\/div><\/li>\n                <li style=\"display: none; width: 100%;\" class=\"slide-534 ms-image \" aria-roledescription=\"slide\" aria-label=\"slide-534\"><img loading=\"lazy\" decoding=\"async\" width=\"950\" height=\"633\" src=\"https:\/\/i0.wp.com\/miniforlegend.com\/wp-content\/uploads\/2025\/02\/Hirtz-e1740503769393.jpg?resize=950%2C633&#038;ssl=1\" class=\"slider-523 slide-534\" alt=\"\" rel=\"\" title=\"Domaine du Hirtz\" srcset=\"https:\/\/i0.wp.com\/miniforlegend.com\/wp-content\/uploads\/2025\/02\/Hirtz-e1740503769393.jpg?w=1080&amp;ssl=1 1080w, https:\/\/i0.wp.com\/miniforlegend.com\/wp-content\/uploads\/2025\/02\/Hirtz-e1740503769393.jpg?resize=300%2C200&amp;ssl=1 300w, https:\/\/i0.wp.com\/miniforlegend.com\/wp-content\/uploads\/2025\/02\/Hirtz-e1740503769393.jpg?resize=1024%2C683&amp;ssl=1 1024w, https:\/\/i0.wp.com\/miniforlegend.com\/wp-content\/uploads\/2025\/02\/Hirtz-e1740503769393.jpg?resize=600%2C400&amp;ssl=1 600w, https:\/\/i0.wp.com\/miniforlegend.com\/wp-content\/uploads\/2025\/02\/Hirtz-e1740503769393.jpg?resize=768%2C512&amp;ssl=1 768w\" sizes=\"auto, 100vw\" data-recalc-dims=\"1\" \/><div class=\"caption-wrap\"><div class=\"caption\"><div>D\u00e9tente \u00e0 l'H\u00f4tel SPA *** au coeur de la for\u00eat<\/div><\/div><\/div><\/li>\n                <li style=\"display: none; width: 100%;\" class=\"slide-535 ms-image \" aria-roledescription=\"slide\" aria-label=\"slide-535\"><img loading=\"lazy\" decoding=\"async\" width=\"720\" height=\"480\" src=\"https:\/\/i0.wp.com\/miniforlegend.com\/wp-content\/uploads\/2025\/02\/Hirtz1.jpg?resize=720%2C480&#038;ssl=1\" class=\"slider-523 slide-535\" alt=\"\" rel=\"\" title=\"Domaine du Hirtz\" srcset=\"https:\/\/i0.wp.com\/miniforlegend.com\/wp-content\/uploads\/2025\/02\/Hirtz1.jpg?w=720&amp;ssl=1 720w, https:\/\/i0.wp.com\/miniforlegend.com\/wp-content\/uploads\/2025\/02\/Hirtz1.jpg?resize=300%2C200&amp;ssl=1 300w, https:\/\/i0.wp.com\/miniforlegend.com\/wp-content\/uploads\/2025\/02\/Hirtz1.jpg?resize=600%2C400&amp;ssl=1 600w\" sizes=\"auto, 100vw\" data-recalc-dims=\"1\" \/><div class=\"caption-wrap\"><div class=\"caption\"><div>D\u00e9tente \u00e0 l'H\u00f4tel SPA *** au coeur de la for\u00eat<\/div><\/div><\/div><\/li>\n            <\/ul>\n        <\/div>\n        \n    <\/div>\n<\/div>\n<p>&nbsp;<\/p>\n<p>&nbsp;<\/p>\n<p>&nbsp;<\/p>\n<p>&nbsp;<\/p>\n","protected":false},"excerpt":{"rendered":"<p>Nous vous proposons de participer \u00e0 la cr\u00e9ation de votre \u0153uvre. Sur une session d&#8217;un week-end (2 jours et 1 nuit), vous d\u00e9couvrirez l&#8217;atelier de Mini for Legend, et comment se construit une Baby. De la d\u00e9coupe des feuilles de m\u00e9tal, au cintrage, puis \u00e0 l&#8217;emboutissage des louvres, vous apprendrez l&#8217;ensemble des \u00e9tapes de la &hellip; <\/p>\n<p class=\"link-more\"><a href=\"https:\/\/miniforlegend.com\/index.php\/et-si-le-createur-cetait-vous\/\" class=\"more-link\">Lire la suite de<span class=\"screen-reader-text\">\u00ab\u00a0Et si le cr\u00e9ateur, c&#8217;\u00e9tait vous&#8230;?\u00a0\u00bb<\/span><\/a><\/p>\n","protected":false},"author":1,"featured_media":0,"parent":0,"menu_order":0,"comment_status":"closed","ping_status":"closed","template":"","meta":{"footnotes":""},"class_list":["post-514","page","type-page","status-publish","hentry"],"jetpack_sharing_enabled":true,"featured_media_urls":[],"_links":{"self":[{"href":"https:\/\/miniforlegend.com\/index.php\/wp-json\/wp\/v2\/pages\/514","targetHints":{"allow":["GET"]}}],"collection":[{"href":"https:\/\/miniforlegend.com\/index.php\/wp-json\/wp\/v2\/pages"}],"about":[{"href":"https:\/\/miniforlegend.com\/index.php\/wp-json\/wp\/v2\/types\/page"}],"author":[{"embeddable":true,"href":"https:\/\/miniforlegend.com\/index.php\/wp-json\/wp\/v2\/users\/1"}],"replies":[{"embeddable":true,"href":"https:\/\/miniforlegend.com\/index.php\/wp-json\/wp\/v2\/comments?post=514"}],"version-history":[{"count":16,"href":"https:\/\/miniforlegend.com\/index.php\/wp-json\/wp\/v2\/pages\/514\/revisions"}],"predecessor-version":[{"id":537,"href":"https:\/\/miniforlegend.com\/index.php\/wp-json\/wp\/v2\/pages\/514\/revisions\/537"}],"wp:attachment":[{"href":"https:\/\/miniforlegend.com\/index.php\/wp-json\/wp\/v2\/media?parent=514"}],"curies":[{"name":"wp","href":"https:\/\/api.w.org\/{rel}","templated":true}]}}