{"id":542,"date":"2026-04-22T22:50:13","date_gmt":"2026-04-22T20:50:13","guid":{"rendered":"https:\/\/miniforlegend.com\/?page_id=542"},"modified":"2026-04-22T23:11:00","modified_gmt":"2026-04-22T21:11:00","slug":"configurez-votre-vehicule","status":"publish","type":"page","link":"https:\/\/miniforlegend.com\/index.php\/configurez-votre-vehicule\/","title":{"rendered":"Configurez votre v\u00e9hicule"},"content":{"rendered":"<p><img loading=\"lazy\" decoding=\"async\" class=\"alignnone wp-image-660\" src=\"https:\/\/i0.wp.com\/miniforlegend.com\/wp-content\/uploads\/2026\/04\/Screenshot_20260119_220453_Gallery.jpg?resize=950%2C438&#038;ssl=1\" alt=\"\" width=\"950\" height=\"438\" srcset=\"https:\/\/i0.wp.com\/miniforlegend.com\/wp-content\/uploads\/2026\/04\/Screenshot_20260119_220453_Gallery.jpg?resize=300%2C138&amp;ssl=1 300w, https:\/\/i0.wp.com\/miniforlegend.com\/wp-content\/uploads\/2026\/04\/Screenshot_20260119_220453_Gallery.jpg?resize=1024%2C473&amp;ssl=1 1024w, https:\/\/i0.wp.com\/miniforlegend.com\/wp-content\/uploads\/2026\/04\/Screenshot_20260119_220453_Gallery.jpg?resize=2000%2C923&amp;ssl=1 2000w, https:\/\/i0.wp.com\/miniforlegend.com\/wp-content\/uploads\/2026\/04\/Screenshot_20260119_220453_Gallery.jpg?w=1900&amp;ssl=1 1900w\" sizes=\"auto, (max-width: 950px) 100vw, 950px\" data-recalc-dims=\"1\" \/><\/p>\n<p>Chez Mini for Legend, vous avez la possibilit\u00e9 de configurer et de personnaliser enti\u00e8rement votre v\u00e9hicule.<\/p>\n<p>L&#8217;ensemble des choix offre des milliers de configurations possibles, en voici la liste :<\/p>\n<ul>\n<li>Couleur de la carrosserie en aluminium :\n<ul>\n<li>French Racing blue<\/li>\n<li>Jaune Molsheim<\/li>\n<li>Italian Red<\/li>\n<li>Graphite<\/li>\n<li>Bleu Patron<\/li>\n<li>Brut aluminium<\/li>\n<li>Autre RAL sur demande<\/li>\n<\/ul>\n<\/li>\n<\/ul>\n<ul>\n<li>Couleur du ch\u00e2ssis :\n<ul>\n<li>Noir m\u00e9tallis\u00e9 mat<\/li>\n<li>Gris m\u00e9tallis\u00e9 mat<\/li>\n<\/ul>\n<\/li>\n<\/ul>\n<ul>\n<li>Couleur des sangles en cuir :\n<ul>\n<li>Cognac<\/li>\n<li>Marron<\/li>\n<li>Bordeaux<\/li>\n<li>Noir<\/li>\n<\/ul>\n<\/li>\n<\/ul>\n<ul>\n<li>Marquage du liser\u00e9 des sangles en cuir :\n<ul>\n<li>Sans marquage<\/li>\n<li>Avec marquage<\/li>\n<\/ul>\n<\/li>\n<\/ul>\n<ul>\n<li>Couleur de la sellerie en similicuir :\n<ul>\n<li>Cognac<\/li>\n<li>Marron<\/li>\n<li>Bordeaux<\/li>\n<li>Noir<\/li>\n<\/ul>\n<\/li>\n<\/ul>\n<ul>\n<li>Finition de la sellerie :\n<ul>\n<li>Simple<\/li>\n<li>Motif matelass\u00e9<\/li>\n<li>Motif losange<\/li>\n<\/ul>\n<\/li>\n<\/ul>\n<ul>\n<li>Finition du tableau de bord :\n<ul>\n<li>Vibr\u00e9<\/li>\n<li>Bouchonn\u00e9<\/li>\n<\/ul>\n<\/li>\n<\/ul>\n<ul>\n<li>Plaque laiton grav\u00e9e au nom du propri\u00e9taire :\n<ul>\n<li>Inclus le num\u00e9ro de s\u00e9rie du v\u00e9hicule<\/li>\n<li>Nombre de caract\u00e8res limit\u00e9s \u00e0 vingt pour le nom<\/li>\n<\/ul>\n<\/li>\n<\/ul>\n<ul>\n<li>P\u00e9dale de frein :\n<ul>\n<li>Sans gravure<\/li>\n<li>Gravure des initiales EB<\/li>\n<li>Gravure des initiales de l&#8217;enfant sur la p\u00e9dale de frein<\/li>\n<\/ul>\n<\/li>\n<\/ul>\n<ul>\n<li>Batteries :\n<ul>\n<li>Standard plomb AGM (17Ah et 23.2Kg)<\/li>\n<li>Haute capacit\u00e9 plomb AGM (+20% de capacit\u00e9 ; 22Ah et 23.2Kg)<\/li>\n<li>Batterie Lithium ion (+50% de capacit\u00e9 et 8.8Kg)<\/li>\n<\/ul>\n<\/li>\n<\/ul>\n<ul>\n<li>Type de jantes :\n<ul>\n<li>B\u00e2tons<\/li>\n<li>Design Origin de la Baby\n<ul>\n<li>Finition polie<\/li>\n<li>Finition microbille<\/li>\n<\/ul>\n<\/li>\n<\/ul>\n<\/li>\n<\/ul>\n<ul>\n<li>Type de pneumatiques :\n<ul>\n<li>Profil piste<\/li>\n<li>Profil piste &#8221;runflat&#8221;<\/li>\n<li>Profil d&#8217;origine (crampons)<\/li>\n<\/ul>\n<\/li>\n<\/ul>\n<ul>\n<li>Volant bois et aluminium :\n<ul>\n<li>Aluminium vibr\u00e9 et fr\u00eane<\/li>\n<li>Aluminium vibr\u00e9 et noyer (couleur clair)<\/li>\n<li>Aluminium poli main et Ip\u00e9 (couleur chaude)<\/li>\n<\/ul>\n<\/li>\n<\/ul>\n<ul>\n<li>Simulateur de bruit qui reproduit le son du moteur du huit en ligne Bugatti :\n<ul>\n<li>Sans<\/li>\n<li>Avec<\/li>\n<\/ul>\n<\/li>\n<\/ul>\n<ul>\n<li>Simulateur de fum\u00e9e \u00e0 l&#8217;\u00e9chappement :\n<ul>\n<li>Sans<\/li>\n<li>Avec<\/li>\n<\/ul>\n<\/li>\n<\/ul>\n<ul>\n<li>Sangles sur la roue de secours et sacoche cuir :\n<ul>\n<li>Sans sacoche<\/li>\n<li>Mini sacoche<\/li>\n<li>Grande sacoche<\/li>\n<\/ul>\n<\/li>\n<\/ul>\n<ul>\n<li>Personnalisation de la calandre :\n<ul>\n<li>Noir uni<\/li>\n<li>Num\u00e9ro personnalis\u00e9 sur la calandre (num\u00e9ro porte bonheur, jour de naissance du pilote,&#8230;)<\/li>\n<\/ul>\n<\/li>\n<\/ul>\n<ul>\n<li>Finition des pi\u00e8ces en inox : essieu avant, support de fixation des lames de ressort, support roue de secours :\n<ul>\n<li>Mat sabl\u00e9<\/li>\n<li>Poli miroir<\/li>\n<\/ul>\n<\/li>\n<\/ul>\n<ul>\n<li>Finition des pi\u00e8ces en laiton : bouchon de calandre, bouchon de trappe \u00e0 essence (recharge du v\u00e9hicule) :\n<ul>\n<li>Mat sabl\u00e9<\/li>\n<li>Poli miroir<\/li>\n<\/ul>\n<\/li>\n<\/ul>\n<ul>\n<li>Visserie compl\u00e8te du v\u00e9hicule :\n<ul>\n<li>Acier \u00e9lectrozingu\u00e9<\/li>\n<li>Inox<\/li>\n<\/ul>\n<\/li>\n<\/ul>\n<ul>\n<li>Accessoires et option :\n<ul>\n<li>Couvre-tonneau<\/li>\n<li>Housse de stockage en lin bleue<\/li>\n<li>Protection des c\u00f4t\u00e9s de caisse assortis \u00e0 la sellerie<\/li>\n<li>Tapis de sol<\/li>\n<li>Casque de pilote en cuir type ann\u00e9e 1920<\/li>\n<li>T\u00e9l\u00e9commande pour activation des freins \u00e0 distance (port\u00e9e jusqu&#8217;\u00e0 quinze m\u00e8tres)<\/li>\n<li>Caisse de protection de type flightcase pour transport et stockage<\/li>\n<\/ul>\n<\/li>\n<\/ul>\n<p>&nbsp;<\/p>\n<p>&nbsp;<\/p>\n","protected":false},"excerpt":{"rendered":"<p>Chez Mini for Legend, vous avez la possibilit\u00e9 de configurer et de personnaliser enti\u00e8rement votre v\u00e9hicule. L&#8217;ensemble des choix offre des milliers de configurations possibles, en voici la liste : Couleur de la carrosserie en aluminium : French Racing blue Jaune Molsheim Italian Red Graphite Bleu Patron Brut aluminium Autre RAL sur demande Couleur du &hellip; <\/p>\n<p class=\"link-more\"><a href=\"https:\/\/miniforlegend.com\/index.php\/configurez-votre-vehicule\/\" class=\"more-link\">Lire la suite de<span class=\"screen-reader-text\">\u00ab\u00a0Configurez votre v\u00e9hicule\u00a0\u00bb<\/span><\/a><\/p>\n","protected":false},"author":1,"featured_media":0,"parent":0,"menu_order":0,"comment_status":"closed","ping_status":"closed","template":"","meta":{"footnotes":""},"class_list":["post-542","page","type-page","status-publish","hentry"],"jetpack_sharing_enabled":true,"featured_media_urls":[],"_links":{"self":[{"href":"https:\/\/miniforlegend.com\/index.php\/wp-json\/wp\/v2\/pages\/542","targetHints":{"allow":["GET"]}}],"collection":[{"href":"https:\/\/miniforlegend.com\/index.php\/wp-json\/wp\/v2\/pages"}],"about":[{"href":"https:\/\/miniforlegend.com\/index.php\/wp-json\/wp\/v2\/types\/page"}],"author":[{"embeddable":true,"href":"https:\/\/miniforlegend.com\/index.php\/wp-json\/wp\/v2\/users\/1"}],"replies":[{"embeddable":true,"href":"https:\/\/miniforlegend.com\/index.php\/wp-json\/wp\/v2\/comments?post=542"}],"version-history":[{"count":9,"href":"https:\/\/miniforlegend.com\/index.php\/wp-json\/wp\/v2\/pages\/542\/revisions"}],"predecessor-version":[{"id":671,"href":"https:\/\/miniforlegend.com\/index.php\/wp-json\/wp\/v2\/pages\/542\/revisions\/671"}],"wp:attachment":[{"href":"https:\/\/miniforlegend.com\/index.php\/wp-json\/wp\/v2\/media?parent=542"}],"curies":[{"name":"wp","href":"https:\/\/api.w.org\/{rel}","templated":true}]}}